{"id":84,"date":"2022-02-07T17:41:51","date_gmt":"2022-02-07T17:41:51","guid":{"rendered":"http:\/\/vecos-world.org\/2022\/?page_id=72"},"modified":"2026-03-17T08:43:31","modified_gmt":"2026-03-17T08:43:31","slug":"organizers","status":"publish","type":"page","link":"http:\/\/vecos-world.org\/2025\/organizers\/","title":{"rendered":"Organizers"},"content":{"rendered":"\t\t<div data-elementor-type=\"wp-page\" data-elementor-id=\"84\" class=\"elementor elementor-84\">\n\t\t\t\t\t\t<section class=\"elementor-section elementor-top-section elementor-element elementor-element-29c8b09 elementor-section-boxed elementor-section-height-default elementor-section-height-default\" data-id=\"29c8b09\" data-element_type=\"section\">\n\t\t\t\t\t\t<div class=\"elementor-container elementor-column-gap-default\">\n\t\t\t\t\t<div class=\"elementor-column elementor-col-100 elementor-top-column elementor-element elementor-element-8718a57\" data-id=\"8718a57\" data-element_type=\"column\">\n\t\t\t<div class=\"elementor-widget-wrap elementor-element-populated\">\n\t\t\t\t\t\t<section class=\"elementor-section elementor-inner-section elementor-element elementor-element-a5fd38f elementor-section-boxed elementor-section-height-default elementor-section-height-default\" data-id=\"a5fd38f\" data-element_type=\"section\">\n\t\t\t\t\t\t<div class=\"elementor-container elementor-column-gap-default\">\n\t\t\t\t\t<div class=\"elementor-column elementor-col-50 elementor-inner-column elementor-element elementor-element-eda887e\" data-id=\"eda887e\" data-element_type=\"column\">\n\t\t\t<div class=\"elementor-widget-wrap elementor-element-populated\">\n\t\t\t\t\t\t<div class=\"elementor-element elementor-element-ad556a0 elementor-widget elementor-widget-text-editor\" data-id=\"ad556a0\" data-element_type=\"widget\" data-widget_type=\"text-editor.default\">\n\t\t\t\t<div class=\"elementor-widget-container\">\n\t\t\t\t\t\t\t\t\t<h3>Steering Committee<\/h3><p><a href=\"http:\/\/lamos.org\/\">Djamil Aissani<\/a>, LAMOS, University of B\u00e9ja\u00efa<br \/><a href=\"http:\/\/www.it.uu.se\/katalog\/mohat117\">Mohamed Faouzi Atig<\/a>, Uppsala University<br \/><a href=\"https:\/\/cedric.cnam.fr\/lab\/author\/Barkaoui\/\">Kamel Barkaoui<\/a>, C\u00e9dric, Le Cnam, Paris (Chair)<br \/><a href=\"https:\/\/www.linkedin.com\/in\/belgacem-ben-hedia-77aa8524\">Belgacem Ben Hedia<\/a>, LIST CEA, Saclay<br \/><a href=\"http:\/\/www.polymtl.ca\/recherche\/rc\/professeurs\/details.php?NoProf=250\">Hanifa Boucheneb<\/a>, Veriform, Polytechnique Montr\u00e9al<br \/><a href=\"https:\/\/profs.info.uaic.ro\/~gabriel\/\">Gabriel Ciobanu<\/a>, Romanian Academy, Iasi\u00a0<br \/><a href=\"https:\/\/www.linkedin.com\/in\/karim-djouani\/\">Karim Djouani<\/a>, Tshwane University of Technology, Pretoria\u00a0<br \/><a href=\"https:\/\/www.mdu.se\/en\/malardalen-university\/staff?id=ffi01\">Francesco Flammini<\/a>, M\u00e4lardalen University, Eskilstuna<br \/><a href=\"https:\/\/www.fi.muni.cz\/usr\/kucera\/\">Anton\u00edn Ku\u010dera<\/a>, Masaryk University, Brno<br \/><a href=\"https:\/\/ieeexplore.ieee.org\/author\/37279082800\">Zhiwu Li<\/a>, Xidian University, Xi&#8217;an<br \/><a href=\"https:\/\/sites.google.com\/view\/maleh\">Yassine Maleh<\/a>, Sultan Moulay Slimane University, B\u00e9ni Mellal<br \/><a href=\"https:\/\/people.njit.edu\/faculty\/mili\">Ali Mili<\/a>, New Jersey Institute of Technology, Newark<br \/><a href=\"http:\/\/u2is.ensta-paristech.fr\/members\/bmonsuez\/?lang=fr\">Bruno Monsuez<\/a>, ENSTA UIIS, Palaiseau<br \/><a href=\"https:\/\/www.linkedin.com\/in\/ayoub-nouri-a94669a\/\">Ayoub Nouri<\/a>, Huawei France, Grenoble<br \/><a href=\"https:\/\/www.linkedin.com\/in\/riadh-robbana-8670741\/\">Riadh Robbana<\/a>, INSAT, Tunis<br \/><a href=\"https:\/\/www.concordia.ca\/faculty\/sofiene-tahar.html\">Sofi\u00e8ne Tahar<\/a>, Concordia University, Montr\u00e9al<\/p>\t\t\t\t\t\t\t\t<\/div>\n\t\t\t\t<\/div>\n\t\t\t\t\t<\/div>\n\t\t<\/div>\n\t\t\t\t<div class=\"elementor-column elementor-col-50 elementor-inner-column elementor-element elementor-element-77d7807\" data-id=\"77d7807\" data-element_type=\"column\">\n\t\t\t<div class=\"elementor-widget-wrap elementor-element-populated\">\n\t\t\t\t\t\t<div class=\"elementor-element elementor-element-7b4f02d elementor-widget elementor-widget-text-editor\" data-id=\"7b4f02d\" data-element_type=\"widget\" data-widget_type=\"text-editor.default\">\n\t\t\t\t<div class=\"elementor-widget-container\">\n\t\t\t\t\t\t\t\t\t<div style=\"-webkit-tap-highlight-color: transparent; color: #525252;\"><div style=\"-webkit-tap-highlight-color: transparent;\"><h3>Organizers<\/h3><p style=\"margin-bottom: 10px;\"><b style=\"font-family: var( --e-global-typography-text-font-family ), Sans-serif; font-size: 1rem;\">PC Co-Chairs: <a href=\"https:\/\/scholar.google.fr\/citations?user=5tee-l8AAAAJ&amp;hl=fr\">S\u00e9bastien Bardin<\/a>, CEA LIST, Saclay<br \/>\u00a0 \u00a0 \u00a0 \u00a0 \u00a0 \u00a0 \u00a0 \u00a0 \u00a0 \u00a0 \u00a0 \u00a0 \u00a0 <a href=\"https:\/\/www.linkedin.com\/in\/riadh-robbana-8670741\/\">Riadh Robbana<\/a>, <\/b><strong>EPITA Research Lab (LRE), France<\/strong><\/p><\/div><\/div><div style=\"-webkit-tap-highlight-color: transparent; color: #525252;\"><div style=\"-webkit-tap-highlight-color: transparent;\"><p style=\"margin-bottom: 10px;\"><span style=\"font-weight: bold;\">Publicity Chair:\u00a0<\/span><a style=\"-webkit-tap-highlight-color: transparent; outline: 0px;\" href=\"https:\/\/www.linkedin.com\/in\/belgacem-ben-hedia-77aa8524\">Belgacem Ben Hedia<\/a>,\u00a0<span style=\"font-weight: var( --e-global-typography-text-font-weight ); color: #000000;\">CEA\u00a0<\/span><span style=\"color: #000000; font-family: var( --e-global-typography-text-font-family ), Sans-serif; font-weight: var( --e-global-typography-text-font-weight ); font-size: 1rem;\">LIST,\u00a0<\/span><span style=\"color: #000000; font-weight: var( --e-global-typography-text-font-weight ); font-family: var( --e-global-typography-text-font-family ), Sans-serif; font-size: 1rem;\">Saclay<\/span><\/p><\/div><\/div><div style=\"-webkit-tap-highlight-color: transparent;\"><div style=\"-webkit-tap-highlight-color: transparent;\"><p style=\"color: #525252; margin-bottom: 10px;\"><span style=\"font-weight: bold;\">Local organizers:<\/span><\/p><ul><li style=\"list-style-type: none;\"><ul><li><span style=\"color: #525252;\">TBA<\/span><\/li><\/ul><\/li><\/ul><\/div><\/div>\t\t\t\t\t\t\t\t<\/div>\n\t\t\t\t<\/div>\n\t\t\t\t\t<\/div>\n\t\t<\/div>\n\t\t\t\t\t<\/div>\n\t\t<\/section>\n\t\t\t\t<div class=\"elementor-element elementor-element-88ad4be elementor-widget elementor-widget-text-editor\" data-id=\"88ad4be\" data-element_type=\"widget\" data-widget_type=\"text-editor.default\">\n\t\t\t\t<div class=\"elementor-widget-container\">\n\t\t\t\t\t\t\t\t\t<h3 style=\"text-align: left;\">Program Committee<\/h3>\t\t\t\t\t\t\t\t<\/div>\n\t\t\t\t<\/div>\n\t\t\t\t<section class=\"elementor-section elementor-inner-section elementor-element elementor-element-d93bb0e elementor-section-boxed elementor-section-height-default elementor-section-height-default\" data-id=\"d93bb0e\" data-element_type=\"section\">\n\t\t\t\t\t\t<div class=\"elementor-container elementor-column-gap-default\">\n\t\t\t\t\t<div class=\"elementor-column elementor-col-50 elementor-inner-column elementor-element elementor-element-445039c\" data-id=\"445039c\" data-element_type=\"column\">\n\t\t\t<div class=\"elementor-widget-wrap elementor-element-populated\">\n\t\t\t\t\t\t<div class=\"elementor-element elementor-element-59cae62 elementor-widget elementor-widget-text-editor\" data-id=\"59cae62\" data-element_type=\"widget\" data-widget_type=\"text-editor.default\">\n\t\t\t\t<div class=\"elementor-widget-container\">\n\t\t\t\t\t\t\t\t\t<p>Parosh Abdulla (Uppsala University)<br \/>Djamil Aissani (University of Bejaia)<br \/>Yamine Ait Ameur (IRIT\/INPT-ENSEEIHT)<br \/>Mihail Asavoae (CEA LIST)<br \/>Mohamed Faouzi Atig (Uppsala University)<br \/>Mohamed Taha Bannani (Tunis Elmanar University)<br \/>Kamel Barkaoui (CNAM Paris)<br \/>Faiza Belala (University Constantine 2)<br \/>Imen Ben Hafaiedh (University of Tunis El Manar)<br \/>Belgacem Ben Hedia (CEA-LIST Saclay)<br \/>Narjes Ben Rajeb Robbana (LRE-Epita)<br \/>Saddek Bensalem (Grenoble Alpe University)<br \/>Adel Benzina (Tunisia Polytechnic School)<br \/>Patrice Bonhomme (Tours University)<br \/>Ahmed Bouajjani (Paris Cit\u00e9 University)<br \/>Aymen Boudguiga (CEA LIST)<br \/>Zhenbang Chen (National University of Defense Technology)<br \/>Gabriel Ciobanu (Romanian Academy)<br \/>Silvano Dal Zilio (LAAS-CNRS)<br \/>Ana De Melo (University of S\u00e3o Paulo)<br \/>Isabel Demongodin (Aix Marseille University)<br \/>Naipeng Dong (National University of Singapore)<br \/>Mohamed Ghazel (Gustave Eiffel University)<br \/>Serge Haddad (ENS Cachan)<br \/>Osman Hassan (National University of Sciences &amp; Technology)<br \/>Mohamed Jmaiel (University of Sfax)<br \/>Jorge Julvez (University of Cambridge)<br \/>Mohamed Khalgui (GIU Berlin)<br \/>Kais Klai (Paris13 University)<br \/>Moez Krichen (Al-Baha University)<br \/>Lars Kristensen (Western Norway University)<br \/>Antonin Kucera (Masaryk University)<\/p>\t\t\t\t\t\t\t\t<\/div>\n\t\t\t\t<\/div>\n\t\t\t\t\t<\/div>\n\t\t<\/div>\n\t\t\t\t<div class=\"elementor-column elementor-col-50 elementor-inner-column elementor-element elementor-element-6e5597e\" data-id=\"6e5597e\" data-element_type=\"column\">\n\t\t\t<div class=\"elementor-widget-wrap elementor-element-populated\">\n\t\t\t\t\t\t<div class=\"elementor-element elementor-element-de04d32 elementor-widget elementor-widget-text-editor\" data-id=\"de04d32\" data-element_type=\"widget\" data-widget_type=\"text-editor.default\">\n\t\t\t\t<div class=\"elementor-widget-container\">\n\t\t\t\t\t\t\t\t\t<p>Axel Legay (UC Louvain)<br \/>Ondrej Lengal (Brno University of Technology)<br \/>Alexei Lisitsa (University of Liverpool)<br \/>Gaiyun Liu (Xidian University)<br \/>Yassine Maleh (University Sultan Moulay Slimane)<br \/>Frederic Mallet (Universite Nice Sophia-Antipolis)<br \/>Stephan Merz (Inria Nancy)<br \/>Amira Methni (Asterios Technologies)<br \/>Roland Meyer (TU Braunschweig)<br \/>Ali Mili (New Jersey Institute of Technology)<br \/>Bruno Monsuez (ENSTA ParisTech)<br \/>Mohamed Mosbah (University of Bordeaux)<br \/>Michael Norrish (Australian National University)<br \/>Ayoub Nouri (Huawei France)<br \/>Peter Olveczky (University of Oslo)<br \/>Samir Ouchani (CESI Lineact)<br \/>Meriem Ouederni (Toulouse INP)<br \/>Ameur-Boulifa Rab\u00e9a (Telecom-ParisTech)<br \/>Riadh Robbana (University of Carthage)<br \/>Ricardo J. Rodr\u00edguez (Universidad de Zaragoza)<br \/>Olivier H. Roux (Ecole Centrale de Nantes)<br \/>Houari Sahraoui (Moontr\u00e9al University)<br \/>Mohamed-Aymen Saied (Universit\u00e9 Laval)<br \/>Yasser Shoukry (University of California)<br \/>Mihaela Sighireanu (ENS Paris-Ssclay)<br \/>Layth Sliman (EFREI Paris)<br \/>Sofiene Tahar (Concordia University)<br \/>Xiang Yin (Shanghai Jiao Tong University)<br \/>Min Zhang (East China Normal University)<\/p>\t\t\t\t\t\t\t\t<\/div>\n\t\t\t\t<\/div>\n\t\t\t\t\t<\/div>\n\t\t<\/div>\n\t\t\t\t\t<\/div>\n\t\t<\/section>\n\t\t\t\t\t<\/div>\n\t\t<\/div>\n\t\t\t\t\t<\/div>\n\t\t<\/section>\n\t\t\t\t<\/div>\n\t\t","protected":false},"excerpt":{"rendered":"<p>Steering Committee Djamil Aissani, LAMOS, University of B\u00e9ja\u00efaMohamed Faouzi Atig, Uppsala UniversityKamel Barkaoui, C\u00e9dric, Le Cnam, Paris (Chair)Belgacem Ben Hedia, LIST CEA, SaclayHanifa Boucheneb, Veriform, Polytechnique Montr\u00e9alGabriel Ciobanu, Romanian Academy, Iasi\u00a0Karim Djouani, Tshwane University of Technology, Pretoria\u00a0Francesco Flammini, M\u00e4lardalen University, EskilstunaAnton\u00edn Ku\u010dera, Masaryk University, BrnoZhiwu Li, Xidian University, Xi&#8217;anYassine Maleh, Sultan Moulay Slimane University, B\u00e9ni &hellip; <\/p>\n<div class=\"link-more\"><a href=\"http:\/\/vecos-world.org\/2025\/organizers\/\" class=\"more-link\">Read More<span class=\"screen-reader-text\"> &#8220;Organizers&#8221;<\/span><\/a><\/div>\n","protected":false},"author":1,"featured_media":0,"parent":0,"menu_order":0,"comment_status":"closed","ping_status":"closed","template":"elementor_header_footer","meta":{"footnotes":""},"class_list":["post-84","page","type-page","status-publish","hentry"],"_links":{"self":[{"href":"http:\/\/vecos-world.org\/2025\/wp-json\/wp\/v2\/pages\/84","targetHints":{"allow":["GET"]}}],"collection":[{"href":"http:\/\/vecos-world.org\/2025\/wp-json\/wp\/v2\/pages"}],"about":[{"href":"http:\/\/vecos-world.org\/2025\/wp-json\/wp\/v2\/types\/page"}],"author":[{"embeddable":true,"href":"http:\/\/vecos-world.org\/2025\/wp-json\/wp\/v2\/users\/1"}],"replies":[{"embeddable":true,"href":"http:\/\/vecos-world.org\/2025\/wp-json\/wp\/v2\/comments?post=84"}],"version-history":[{"count":31,"href":"http:\/\/vecos-world.org\/2025\/wp-json\/wp\/v2\/pages\/84\/revisions"}],"predecessor-version":[{"id":834,"href":"http:\/\/vecos-world.org\/2025\/wp-json\/wp\/v2\/pages\/84\/revisions\/834"}],"wp:attachment":[{"href":"http:\/\/vecos-world.org\/2025\/wp-json\/wp\/v2\/media?parent=84"}],"curies":[{"name":"wp","href":"https:\/\/api.w.org\/{rel}","templated":true}]}}