{"id":72,"date":"2022-02-07T17:41:51","date_gmt":"2022-02-07T17:41:51","guid":{"rendered":"http:\/\/vecos-world.org\/2022\/?page_id=72"},"modified":"2022-03-07T14:34:06","modified_gmt":"2022-03-07T14:34:06","slug":"organizers","status":"publish","type":"page","link":"http:\/\/vecos-world.org\/2022\/organizers\/","title":{"rendered":"Organizers"},"content":{"rendered":"\t\t<div data-elementor-type=\"wp-page\" data-elementor-id=\"72\" class=\"elementor elementor-72\" data-elementor-settings=\"[]\">\n\t\t\t\t\t\t\t<div class=\"elementor-section-wrap\">\n\t\t\t\t\t\t\t<section class=\"elementor-section elementor-top-section elementor-element elementor-element-29c8b09 elementor-section-boxed elementor-section-height-default elementor-section-height-default\" data-id=\"29c8b09\" data-element_type=\"section\">\n\t\t\t\t\t\t<div class=\"elementor-container elementor-column-gap-default\">\n\t\t\t\t\t<div class=\"elementor-column elementor-col-100 elementor-top-column elementor-element elementor-element-8718a57\" data-id=\"8718a57\" data-element_type=\"column\">\n\t\t\t<div class=\"elementor-widget-wrap elementor-element-populated\">\n\t\t\t\t\t\t\t\t<section class=\"elementor-section elementor-inner-section elementor-element elementor-element-a5fd38f elementor-section-boxed elementor-section-height-default elementor-section-height-default\" data-id=\"a5fd38f\" data-element_type=\"section\">\n\t\t\t\t\t\t<div class=\"elementor-container elementor-column-gap-default\">\n\t\t\t\t\t<div class=\"elementor-column elementor-col-50 elementor-inner-column elementor-element elementor-element-eda887e\" data-id=\"eda887e\" data-element_type=\"column\">\n\t\t\t<div class=\"elementor-widget-wrap elementor-element-populated\">\n\t\t\t\t\t\t\t\t<div class=\"elementor-element elementor-element-ad556a0 elementor-widget elementor-widget-text-editor\" data-id=\"ad556a0\" data-element_type=\"widget\" data-widget_type=\"text-editor.default\">\n\t\t\t\t<div class=\"elementor-widget-container\">\n\t\t\t<style>\/*! elementor - v3.5.5 - 03-02-2022 *\/\n.elementor-widget-text-editor.elementor-drop-cap-view-stacked .elementor-drop-cap{background-color:#818a91;color:#fff}.elementor-widget-text-editor.elementor-drop-cap-view-framed .elementor-drop-cap{color:#818a91;border:3px solid;background-color:transparent}.elementor-widget-text-editor:not(.elementor-drop-cap-view-default) .elementor-drop-cap{margin-top:8px}.elementor-widget-text-editor:not(.elementor-drop-cap-view-default) .elementor-drop-cap-letter{width:1em;height:1em}.elementor-widget-text-editor .elementor-drop-cap{float:left;text-align:center;line-height:1;font-size:50px}.elementor-widget-text-editor .elementor-drop-cap-letter{display:inline-block}<\/style>\t\t\t\t<h3>Steering Committee<\/h3><p><a href=\"http:\/\/lamos.org\/\">Djamil Aissani<\/a>, LAMOS, Universit\u00e9 de Bejaia<br \/><a href=\"http:\/\/www.it.uu.se\/katalog\/mohat117\">Mohamed Faouzi Atig<\/a>, Uppsala University<br \/><a href=\"http:\/\/cedric.cnam.fr\/index.php\/labo\/membre\/view?id=34\">Kamel Barkaoui<\/a>, CEDRIC CNAM Paris (Chair)<br \/><a href=\"http:\/\/www.polymtl.ca\/recherche\/rc\/professeurs\/details.php?NoProf=250\">Hanifa Boucheneb<\/a>, Veriform, Polytechnique Montreal<br \/><a href=\"http:\/\/ansaldo-sts.academia.edu\/FrancescoFlammini\">Francesco Flammini<\/a>, Ansaldo STS, Milano<br \/><a href=\"https:\/\/www.linkedin.com\/in\/belgacem-ben-hedia-77aa8524\">Belgacem Ben Hedia<\/a>, LIST CEA Saclay<br \/><a href=\"http:\/\/homepages.laas.fr\/kaaniche\/\">Mohamed Kaaniche<\/a>, LAAS CNRS, Toulouse<br \/><a href=\"http:\/\/u2is.ensta-paristech.fr\/members\/bmonsuez\/?lang=fr\">Bruno Monsuez<\/a>, ENSTA UIIS, Paris<br \/><a href=\"http:\/\/www.lacl.fr\/pekergin\/checkbound\/Contact.html\">Nihal Pekergin<\/a>, LACL Universit\u00e9 Paris Est Cr\u00e9teil<br \/><a href=\"http:\/\/lipn.univ-paris13.fr\/~touili\/\">Tayssir Touili<\/a>, LIPN, CNRS Universit\u00e9 Paris Nord<\/p>\t\t\t\t\t\t<\/div>\n\t\t\t\t<\/div>\n\t\t\t\t\t<\/div>\n\t\t<\/div>\n\t\t\t\t<div class=\"elementor-column elementor-col-50 elementor-inner-column elementor-element elementor-element-77d7807\" data-id=\"77d7807\" data-element_type=\"column\">\n\t\t\t<div class=\"elementor-widget-wrap elementor-element-populated\">\n\t\t\t\t\t\t\t\t<div class=\"elementor-element elementor-element-7b4f02d elementor-widget elementor-widget-text-editor\" data-id=\"7b4f02d\" data-element_type=\"widget\" data-widget_type=\"text-editor.default\">\n\t\t\t\t<div class=\"elementor-widget-container\">\n\t\t\t\t\t\t\t<div style=\"-webkit-tap-highlight-color: transparent; color: #525252;\">\n<div style=\"-webkit-tap-highlight-color: transparent;\">\n<h3>Organizers<\/h3>\n<\/div>\n<\/div>\n<div style=\"-webkit-tap-highlight-color: transparent; color: #525252;\">\n<div style=\"-webkit-tap-highlight-color: transparent;\">\n<p style=\"margin-bottom: 10px;\"><span style=\"font-weight: bold;\">PC Co-Chairs: <\/span><\/p>\n<ul>\n<li><strong><a style=\"-webkit-tap-highlight-color: transparent; outline: 0px;\" href=\"https:\/\/www.univ-orleans.fr\/lifo\/Membres\/couvreur\/\">Jean-Michel Couvreur<\/a><\/strong>, Orl\u00e9ans University<\/li>\n<li><a href=\"https:\/\/sites.google.com\/site\/riadhrobbana\/cv\"><strong>Riadh Robbana<\/strong><\/a>, INSAT &#8211; Carthage University, Tunisia<\/li>\n<\/ul>\n<p style=\"margin-bottom: 10px;\"><span style=\"font-weight: bold;\">Publicity Chair:&nbsp;<\/span><a style=\"-webkit-tap-highlight-color: transparent; outline: 0px;\" href=\"https:\/\/www.linkedin.com\/in\/belgacem-ben-hedia-77aa8524\">Belgacem Ben Hedia<\/a>,&nbsp;<span style=\"font-weight: var( --e-global-typography-text-font-weight ); color: #000000;\">LIST CEA Saclay<\/span><\/p>\n<\/div>\n<\/div>\n<div style=\"-webkit-tap-highlight-color: transparent; color: #525252;\">\n<div style=\"-webkit-tap-highlight-color: transparent;\">\n<p style=\"margin-bottom: 10px;\"><span style=\"font-weight: bold;\">Local organizer:&nbsp;<\/span><a style=\"-webkit-tap-highlight-color: transparent; outline: 0px;\" href=\"mailto:bdundua@gmail.com\">Besik Dundua<\/a>,&nbsp;<span style=\"color: #444444; font-family: 'Open Sans', sans-serif; font-weight: var( --e-global-typography-text-font-weight );\">&nbsp;<\/span><span style=\"color: #444444; font-family: 'Open Sans', sans-serif; font-weight: var( --e-global-typography-text-font-weight );\">Tbilisi State University<\/span><span style=\"color: #444444; font-family: 'Open Sans', sans-serif; font-weight: var( --e-global-typography-text-font-weight );\">&nbsp;<\/span><\/p>\n<\/div>\n<\/div>\t\t\t\t\t\t<\/div>\n\t\t\t\t<\/div>\n\t\t\t\t\t<\/div>\n\t\t<\/div>\n\t\t\t\t\t\t\t<\/div>\n\t\t<\/section>\n\t\t\t\t<div class=\"elementor-element elementor-element-88ad4be elementor-widget elementor-widget-text-editor\" data-id=\"88ad4be\" data-element_type=\"widget\" data-widget_type=\"text-editor.default\">\n\t\t\t\t<div class=\"elementor-widget-container\">\n\t\t\t\t\t\t\t<h3 style=\"text-align: left;\">Program Committee<\/h3>\t\t\t\t\t\t<\/div>\n\t\t\t\t<\/div>\n\t\t\t\t<section class=\"elementor-section elementor-inner-section elementor-element elementor-element-d93bb0e elementor-section-boxed elementor-section-height-default elementor-section-height-default\" data-id=\"d93bb0e\" data-element_type=\"section\">\n\t\t\t\t\t\t<div class=\"elementor-container elementor-column-gap-default\">\n\t\t\t\t\t<div class=\"elementor-column elementor-col-50 elementor-inner-column elementor-element elementor-element-445039c\" data-id=\"445039c\" data-element_type=\"column\">\n\t\t\t<div class=\"elementor-widget-wrap elementor-element-populated\">\n\t\t\t\t\t\t\t\t<div class=\"elementor-element elementor-element-59cae62 elementor-widget elementor-widget-text-editor\" data-id=\"59cae62\" data-element_type=\"widget\" data-widget_type=\"text-editor.default\">\n\t\t\t\t<div class=\"elementor-widget-container\">\n\t\t\t\t\t\t\t<p>Djamil Aissani ( University of Bejaia)<br>Yamine Ait Ameur ( IRIT\/INPT-ENSEEIHT )<br>Rabah Ammour ( Aix marseille University)<br>Mihail Asavoae ( CEA LIST)<br>Mohamed Faouzi Atig ( Uppsala University )<br>Eric Badouel ( INRIA Rennes )<br>Kamel Barkaoui ( Cedric- Le Cnam, Paris)<br>Faiza Belala ( University Constantine 2 )<br>Imen Ben Hafaiedh ( ISI, Tunis Elmanar University )<br>Belgacem Ben Hedia ( CEA-LIST, Saclay )<br>Adel Benzina (Tunisia Polytechnic School )<br>Patrice Bonhomme ( LIFAT, Tours University )<br>Hanifa Boucheneb (Polytechnique Montr\u00e9al)<br>Yu-Fang Chen ( Academia Sinica, Taiwan )<br>Zhenbang Chen ( National University of Defense Technology)<br>Feng Chu ( IBISC, Evry Val d&#8217;Essonne University)<br>Gabriel Ciobanu (Romanian Academy, ICS, Iasi )<br>Jean-Michel Couvreur ( Orleans University ) co-chair<br>Isabel Demongodin ( Aix marseille University)<br>Ylies Falcone ( Grenoble alpes University )<br>Alessandro Fantechi ( Universita di Firenze )<br>Annie Geniet ( ENSMA, Poitiers )<br>Mohamed Ghazel ( IFSTTAR, Gustave Eiffel university, Lille )<br>Xiwang Guo ( Liaoning Shihua University )<br>Serge Haddad ( LSV, ENS Cachan, Saclay)<br>Peter H\u00f6fner ( University of New South Wales)<br>Radu Iosif ( Grenoble alpes University )<br>Abderrazak Jemai ( INSAT, Tunis )<br>Mohamed Jmaiel ( ReDCAD, ENIS, Sfax<\/p>\t\t\t\t\t\t<\/div>\n\t\t\t\t<\/div>\n\t\t\t\t\t<\/div>\n\t\t<\/div>\n\t\t\t\t<div class=\"elementor-column elementor-col-50 elementor-inner-column elementor-element elementor-element-6e5597e\" data-id=\"6e5597e\" data-element_type=\"column\">\n\t\t\t<div class=\"elementor-widget-wrap elementor-element-populated\">\n\t\t\t\t\t\t\t\t<div class=\"elementor-element elementor-element-de04d32 elementor-widget elementor-widget-text-editor\" data-id=\"de04d32\" data-element_type=\"widget\" data-widget_type=\"text-editor.default\">\n\t\t\t\t<div class=\"elementor-widget-container\">\n\t\t\t\t\t\t\t<p>Jorge Julvez ( University of Cambridge )<br \/>Kais Klai (LIPN, \u00a0Paris 13 University )<br \/>Moez Krichen ( Al-Baha University )<br \/>Lars Kristensen ( Western Norway University of Applied Sciences )<br \/>S\u00e9bastien Lahaye ( Angers University )<br \/>Axel Legay ( UC Louvain )<br \/>Ondrej Lengal ( Brno University of Technology )<br \/>Alexei Lisitsa ( University of Liverpool )<br \/>Gaiyun Liu ( Xidian University, Xian )<br \/>Ding Liu ( Xidian University, Xian )<br \/>Lei Ma \u00a0(University of Alberta)<br \/>Ali Mili ( New Jersey Institute of Technology \u00a0 )<br \/>Bruno Monsuez ( ENSTA ParisTech ,Saclay)<br \/>Mohamed Mosbah ( LaBRI &#8211; University of Bordeaux )<br \/>Ayoub Nouri ( Huawei Research, Grenoble)<br \/>Catuscia Palamidessi ( INRIA Saclay &amp; Ecole Polytechnique Palaiseau )<br \/>Vladimir-Alexandru Paun ( Five Rescue, Paris)<br \/>Geguang Pu ( East China Normal University )<br \/>Shengchao Qin (Teesside University )<br \/>Ameur-Boulifa Rab\u00e9a ( Telecom-ParisTech, Saclay)<br \/>Pierre Alain Reynier ( Aix marseille University)<br \/>Riadh Robbana (INSAT, University of Carthage ) co-chair<br \/>Ricardo J. Rodr\u00edguez ( Universidad de Zaragoza)<br \/>Olivier H. Roux (LS2N, Ecole Centrale de Nantes)<br \/>Arnaud Sangnier ( IRIF, Paris University)<br \/>Tayssir Touili (LIPN, CNRS &amp; University Paris 13)<br \/>Weimin Wu (Zhejiang University, Hangzhou )<br \/>Abdeddaim Yasmina (LIGM, ESIEE Paris )<br \/>Xiang Yin (Shanghai Jiao Tong University)<\/p>\t\t\t\t\t\t<\/div>\n\t\t\t\t<\/div>\n\t\t\t\t\t<\/div>\n\t\t<\/div>\n\t\t\t\t\t\t\t<\/div>\n\t\t<\/section>\n\t\t\t\t\t<\/div>\n\t\t<\/div>\n\t\t\t\t\t\t\t<\/div>\n\t\t<\/section>\n\t\t\t\t\t\t<\/div>\n\t\t\t\t\t<\/div>\n\t\t","protected":false},"excerpt":{"rendered":"<p>Steering Committee Djamil Aissani, LAMOS, Universit\u00e9 de BejaiaMohamed Faouzi Atig, Uppsala UniversityKamel Barkaoui, CEDRIC CNAM Paris (Chair)Hanifa Boucheneb, Veriform, Polytechnique MontrealFrancesco Flammini, Ansaldo STS, MilanoBelgacem Ben Hedia, LIST CEA SaclayMohamed Kaaniche, LAAS CNRS, ToulouseBruno Monsuez, ENSTA UIIS, ParisNihal Pekergin, LACL Universit\u00e9 Paris Est Cr\u00e9teilTayssir Touili, LIPN, CNRS Universit\u00e9 Paris Nord Organizers PC Co-Chairs: Jean-Michel Couvreur, &hellip; <\/p>\n<div class=\"link-more\"><a href=\"http:\/\/vecos-world.org\/2022\/organizers\/\" class=\"more-link\">Read More<span class=\"screen-reader-text\"> &#8220;Organizers&#8221;<\/span><\/a><\/div>\n","protected":false},"author":1,"featured_media":0,"parent":0,"menu_order":0,"comment_status":"closed","ping_status":"closed","template":"elementor_header_footer","meta":{"footnotes":""},"class_list":["post-72","page","type-page","status-publish","hentry"],"_links":{"self":[{"href":"http:\/\/vecos-world.org\/2022\/wp-json\/wp\/v2\/pages\/72","targetHints":{"allow":["GET"]}}],"collection":[{"href":"http:\/\/vecos-world.org\/2022\/wp-json\/wp\/v2\/pages"}],"about":[{"href":"http:\/\/vecos-world.org\/2022\/wp-json\/wp\/v2\/types\/page"}],"author":[{"embeddable":true,"href":"http:\/\/vecos-world.org\/2022\/wp-json\/wp\/v2\/users\/1"}],"replies":[{"embeddable":true,"href":"http:\/\/vecos-world.org\/2022\/wp-json\/wp\/v2\/comments?post=72"}],"version-history":[{"count":58,"href":"http:\/\/vecos-world.org\/2022\/wp-json\/wp\/v2\/pages\/72\/revisions"}],"predecessor-version":[{"id":413,"href":"http:\/\/vecos-world.org\/2022\/wp-json\/wp\/v2\/pages\/72\/revisions\/413"}],"wp:attachment":[{"href":"http:\/\/vecos-world.org\/2022\/wp-json\/wp\/v2\/media?parent=72"}],"curies":[{"name":"wp","href":"https:\/\/api.w.org\/{rel}","templated":true}]}}